{"id":19356,"date":"2023-08-18T08:23:04","date_gmt":"2023-08-18T08:23:04","guid":{"rendered":"https:\/\/myalterego.it\/ae\/?page_id=19356"},"modified":"2024-01-20T14:57:33","modified_gmt":"2024-01-20T13:57:33","slug":"informativa-sulla-privacy","status":"publish","type":"page","link":"https:\/\/myalterego.it\/ae\/informativa-sulla-privacy\/","title":{"rendered":"Informativa sulla privacy"},"content":{"rendered":"\t\t<div data-elementor-type=\"wp-page\" data-elementor-id=\"19356\" class=\"elementor elementor-19356\">\n\t\t\t\t\t\t<section class=\"elementor-section elementor-top-section elementor-element elementor-element-f6dd1f4 elementor-section-boxed elementor-section-height-default elementor-section-height-default\" data-id=\"f6dd1f4\" data-element_type=\"section\">\n\t\t\t\t\t\t<div class=\"elementor-container elementor-column-gap-default\">\n\t\t\t\t\t<div class=\"elementor-column elementor-col-100 elementor-top-column elementor-element elementor-element-ebfe52d\" data-id=\"ebfe52d\" data-element_type=\"column\">\n\t\t\t<div class=\"elementor-widget-wrap elementor-element-populated\">\n\t\t\t\t\t\t<section class=\"elementor-section elementor-inner-section elementor-element elementor-element-9e8bef7 elementor-section-boxed elementor-section-height-default elementor-section-height-default\" data-id=\"9e8bef7\" data-element_type=\"section\">\n\t\t\t\t\t\t<div class=\"elementor-container elementor-column-gap-default\">\n\t\t\t\t\t<div class=\"elementor-column elementor-col-50 elementor-inner-column elementor-element elementor-element-b015656\" data-id=\"b015656\" data-element_type=\"column\">\n\t\t\t<div class=\"elementor-widget-wrap elementor-element-populated\">\n\t\t\t\t\t\t<div class=\"elementor-element elementor-element-fb9bced elementor-widget elementor-widget-text-editor\" data-id=\"fb9bced\" data-element_type=\"widget\" data-widget_type=\"text-editor.default\">\n\t\t\t\t<div class=\"elementor-widget-container\">\n\t\t\t\t\t\t\t\t\t<p><span style=\"color: #ffb606;\"><strong>Leggere attentamente l&#8217;informativa sulla privacy prima di procedere con la navigazione del sito.<\/strong><\/span><\/p><p>Di seguito sono descritte le modalit\u00e0 di gestione del sito myalterego.it in riferimento al trattamento dei dati personali degli utenti che lo consultano. Si tratta di un\u2019informativa resa ai sensi del\u00a0D.Lgs. n. 196\/2003\u00a0(\u201cCodice Privacy\u201d) nonch\u00e9 del\u00a0Regolamento UE 2016\/679\u00a0(noto come\u00a0GDPR,\u00a0<em>General Data Protection Regulation<\/em>) relativo alla protezione delle persone fisiche con riguardo al trattamento dei dati personali (di seguito, per brevit\u00e0 \u201cRegolamento\u201d o \u201cGDPR\u201d) di coloro che interagiscono con i servizi web del presente portale, accessibili per via telematica a partire dall\u2019indirizzo myalterego.it, corrispondente alla pagina iniziale del sito AlterEgo.<\/p><p>All\u2019interno del sito myalterego.it potrai trovare link a siti di terze parti; ci preme informarti che la presente informativa \u00e8 resa solo per il sito myalterego.it e non anche per altri siti web eventualmente consultati dall\u2019utente tramite link. Ti invitiamo pertanto a prendere visione della loro informativa sulla privacy per conoscere le modalit\u00e0 e le finalit\u00e0 del trattamento dei tuoi dati operato attraverso tali siti.<\/p><p>Forniamo questa informativa non solo per adempiere agli obblighi di legge in materia di protezione dei dati personali previsti dal Regolamento UE 2016\/679, ma anche perch\u00e9 crediamo che la tutela dei dati personali sia un valore fondamentale della nostra attivit\u00e0 pertanto vogliamo fornirti ogni informazione che possa aiutarti a tutelare la tua privacy e a controllare l\u2019utilizzo che viene fatto dei tuoi dati in relazione all\u2019esperienza di navigazione sul nostro sito.<\/p>\t\t\t\t\t\t\t\t<\/div>\n\t\t\t\t<\/div>\n\t\t\t\t\t<\/div>\n\t\t<\/div>\n\t\t\t\t<div class=\"elementor-column elementor-col-50 elementor-inner-column elementor-element elementor-element-e7ee679\" data-id=\"e7ee679\" data-element_type=\"column\">\n\t\t\t<div class=\"elementor-widget-wrap elementor-element-populated\">\n\t\t\t\t\t\t<div class=\"elementor-element elementor-element-7dc7515 elementor-widget elementor-widget-thim-accordion\" data-id=\"7dc7515\" data-element_type=\"widget\" data-widget_type=\"thim-accordion.default\">\n\t\t\t\t<div class=\"elementor-widget-container\">\n\t\t\t\t\t<div class=\"thim-widget-accordion accordion-new-style\"><div id=\"accordion_7dc7515\" class=\"panel-group\" role=\"tablist\" aria-multiselectable=\"true\">\n\t\t\t<div class=\"panel panel-default\">\n\t\t\t\t<div class=\"panel-heading\" role=\"tab\"\n\t\t\t\t\t id=\"heading_accordion_7dc7515_0\">\n\t\t\t\t\t<h4 class=\"panel-title\">\n\t\t\t\t\t\t<a role=\"button\" class=\"collapsed\" data-toggle=\"collapse\"\n\t\t\t\t\t\t   data-parent=\"#accordion_7dc7515\"\n\t\t\t\t\t\t   href=\"#collapse_accordion_7dc7515_0\" aria-expanded=\"false\"\n\t\t\t\t\t\t   aria-controls=\"collapse_accordion_7dc7515_0\">\n\t\t\t\t\t\t\tTitolare del trattamento e responsabile della protezione dei dati\t\t\t\t\t\t<\/a>\n\t\t\t\t\t<\/h4>\n\t\t\t\t<\/div>\n\t\t\t\t<div id=\"collapse_accordion_7dc7515_0\"\n\t\t\t\t\t class=\"panel-collapse collapse\"\n\t\t\t\t\t role=\"tabpanel\" aria-labelledby=\"heading_accordion_7dc7515_0\">\n\t\t\t\t\t<div class=\"panel-body\">\n\t\t\t\t\t\t<ol>\n<li>Titolare del trattamento dei dati \u00e8 AlterEgo srl \u2013 Via Barchetta, 6 - 41011 Campogalliano (MO), Italia.<\/li>\n<li>Per eventuali richieste o domande relative all\u2019Informativa sulla Privacy \u00e8 possibile contattate il nostro personale scrivendo al Responsabile della Protezione dei Dati (RPD o DPO secondo l\u2019acronimo inglese) all\u2019indirizzo sopra riportato o inviando una email a privacy@myalterego.it. <\/li>\n<\/ol>\n\t\t\t\t\t<\/div>\n\t\t\t\t<\/div>\n\t\t\t<\/div>\n\n\t\t\n\t\t\t<div class=\"panel panel-default\">\n\t\t\t\t<div class=\"panel-heading\" role=\"tab\"\n\t\t\t\t\t id=\"heading_accordion_7dc7515_1\">\n\t\t\t\t\t<h4 class=\"panel-title\">\n\t\t\t\t\t\t<a role=\"button\" class=\"collapsed\" data-toggle=\"collapse\"\n\t\t\t\t\t\t   data-parent=\"#accordion_7dc7515\"\n\t\t\t\t\t\t   href=\"#collapse_accordion_7dc7515_1\" aria-expanded=\"false\"\n\t\t\t\t\t\t   aria-controls=\"collapse_accordion_7dc7515_1\">\n\t\t\t\t\t\t\tTipologia dei dati personali e finalit\u00e0 del trattamento\t\t\t\t\t\t<\/a>\n\t\t\t\t\t<\/h4>\n\t\t\t\t<\/div>\n\t\t\t\t<div id=\"collapse_accordion_7dc7515_1\"\n\t\t\t\t\t class=\"panel-collapse collapse\"\n\t\t\t\t\t role=\"tabpanel\" aria-labelledby=\"heading_accordion_7dc7515_1\">\n\t\t\t\t\t<div class=\"panel-body\">\n\t\t\t\t\t\t<ol>\n<li>Visitando o consultando questo sito, compilando i form online dedicati alla registrazione e all\u2019assistenza sui tuoi ordini, procedendo all\u2019acquisto dei nostri prodotti e dei nostri servizi o ancora quando decidi di ricevere comunicazioni commerciali, possiamo trattare i seguenti dati personali relativi a persone identificate o identificabili per le finalit\u00e0 di seguito riportate.<\/li>\n<li>I tipi di dati acquisiti sono di due tipi: dati forniti mediante la compilazione dei form online e dati che raccogliamo mentre navighi sul nostro sito<\/li>\n<li>Dati forniti mediante la compilazione dei form online:<\/li>\n<ul type=\"square\">\n<li>nome, indirizzo email e password per registrarti al sito myalterego.it e per permetterti di recuperare le tue credenziali di accesso;<\/li>\n<li>nome, cognome, indirizzo di spedizione, numero di telefono, metodo di spedizione e di pagamento, dati di pagamento (estremi della carta di pagamento, titolare carta di credito), codici sconto\/rimborso per procedere all\u2019acquisto dei nostri prodotti e dei nostri servizi;<\/li>\n<li>ragione sociale, PIVA e codice fiscale per consentire la fatturazione dei tuoi ordini;<\/li>\n<li>numero di ordine, indirizzo email, password e numero di ordine per conoscere lo stato del tuo ordine;<\/li>\n<li>nome, cognome, numero di telefono e codice alfanumerico per procedere con l\u2019attivazione delle risorse digitali;<\/li>\n<li>nome, indirizzo email e informazioni sui prodotti e sui servizi da te acquistati, per finalit\u00e0 di marketing, ivi incluso l\u2019invio di comunicazioni commerciali e promozionali, per invitarti ai nostri eventi e per l\u2019analisi delle tue scelte, abitudini e preferenze di acquisto, finalizzato alla creazione di profili (individuali e\/o aggregati);<\/li>\n<li>nome, indirizzo email per la cessione e\/o comunicazione dei dati a terzi che possono impiegare i dati per proprie finalit\u00e0 di marketing.<\/li>\n<\/ul>\n<li>Dati che raccogliamo mentre navighi sul nostro sito, i cosiddetti dati di navigazione. I sistemi informatici e le procedure software preposte al funzionamento di questo sito web acquisiscono, nel corso del loro normale esercizio, alcuni dati personali la cui trasmissione \u00e8 implicita nell\u2019uso dei protocolli di comunicazione di Internet. Si tratta di informazioni che non sono raccolte per essere associate a interessati identificati, ma che per loro stessa natura possono, attraverso elaborazioni ed associazioni con dati detenuti da terzi, permettere di identificare gli utenti. In questa categoria di dati rientrano:<\/li>\n<ul type=\"square\">\n<li>indirizzi IP o i nomi a dominio dei computer utilizzati dagli utenti che si connettono al sito;<\/li>\n<li>indirizzi in notazione URI (Uniform Resource Identifier) delle risorse richieste;<\/li>\n<li>orario della richiesta;<\/li>\n<li>metodo utilizzato nel sottoporre la richiesta al server;<\/li>\n<li>dimensione del file ottenuto in risposta;<\/li>\n<li>codice numerico indicante lo stato della risposta data dal server (buon fine, errore, ecc.);<\/li>\n<li>parametri relativi al sistema operativo;<\/li>\n<li>parametri relativi all\u2019ambiente informatico dell\u2019utente.<\/li>\n<\/ul>\n<li>Questi dati vengono utilizzati al solo fine di ricavare informazioni statistiche anonime sull\u2019uso del sito e per controllarne il corretto funzionamento e vengono mantenuti per il periodo minimo richiesto dalla normativa vigente. I dati possono essere utilizzati per l\u2019accertamento di responsabilit\u00e0 in caso di ipotetici reati informatici ai danni del sito.<\/li>\n<\/ol>\n\t\t\t\t\t<\/div>\n\t\t\t\t<\/div>\n\t\t\t<\/div>\n\n\t\t\n\t\t\t<div class=\"panel panel-default\">\n\t\t\t\t<div class=\"panel-heading\" role=\"tab\"\n\t\t\t\t\t id=\"heading_accordion_7dc7515_2\">\n\t\t\t\t\t<h4 class=\"panel-title\">\n\t\t\t\t\t\t<a role=\"button\" class=\"collapsed\" data-toggle=\"collapse\"\n\t\t\t\t\t\t   data-parent=\"#accordion_7dc7515\"\n\t\t\t\t\t\t   href=\"#collapse_accordion_7dc7515_2\" aria-expanded=\"false\"\n\t\t\t\t\t\t   aria-controls=\"collapse_accordion_7dc7515_2\">\n\t\t\t\t\t\t\tNatura del conferimento e base giuridica del trattamento dei dati personali\t\t\t\t\t\t<\/a>\n\t\t\t\t\t<\/h4>\n\t\t\t\t<\/div>\n\t\t\t\t<div id=\"collapse_accordion_7dc7515_2\"\n\t\t\t\t\t class=\"panel-collapse collapse\"\n\t\t\t\t\t role=\"tabpanel\" aria-labelledby=\"heading_accordion_7dc7515_2\">\n\t\t\t\t\t<div class=\"panel-body\">\n\t\t\t\t\t\t<ol>\n<li>Il conferimento dei dati personali \u2013 alcuni dei quali contrassegnati da asterisco \u2013 inseriti mediante la compilazione dei form online presenti sul sito myalterego.it \u00e8 indispensabile per la registrazione del tuo account, per l\u2019acquisto dei nostri prodotti e dei nostri servizi e per l\u2019assistenza sullo stato dei tuoi ordini. In assenza di alcuni dati non \u00e8 possibile procedere al soddisfacimento delle tue richieste.<\/li>\n<li>La base giuridica del trattamento dei dati personali si individua nell\u2019esecuzione del contratto o delle relative misure precontrattuali.<\/li>\n<li>Salvo il caso in cui i tuoi dati siano stati raccolti anche per altre finalit\u00e0, il conferimento dei dati per finalit\u00e0 di marketing, profilazione e comunicazione\/cessione a terzi non \u00e8 obbligatorio. La base giuridica del trattamento dei dati personali per tali finalit\u00e0 si individua nel tuo consenso.<\/li>\n<\/ol>\n\t\t\t\t\t<\/div>\n\t\t\t\t<\/div>\n\t\t\t<\/div>\n\n\t\t\n\t\t\t<div class=\"panel panel-default\">\n\t\t\t\t<div class=\"panel-heading\" role=\"tab\"\n\t\t\t\t\t id=\"heading_accordion_7dc7515_3\">\n\t\t\t\t\t<h4 class=\"panel-title\">\n\t\t\t\t\t\t<a role=\"button\" class=\"collapsed\" data-toggle=\"collapse\"\n\t\t\t\t\t\t   data-parent=\"#accordion_7dc7515\"\n\t\t\t\t\t\t   href=\"#collapse_accordion_7dc7515_3\" aria-expanded=\"false\"\n\t\t\t\t\t\t   aria-controls=\"collapse_accordion_7dc7515_3\">\n\t\t\t\t\t\t\tNewsletter\t\t\t\t\t\t<\/a>\n\t\t\t\t\t<\/h4>\n\t\t\t\t<\/div>\n\t\t\t\t<div id=\"collapse_accordion_7dc7515_3\"\n\t\t\t\t\t class=\"panel-collapse collapse\"\n\t\t\t\t\t role=\"tabpanel\" aria-labelledby=\"heading_accordion_7dc7515_3\">\n\t\t\t\t\t<div class=\"panel-body\">\n\t\t\t\t\t\t<ol>\n<li>Previo esplicito consenso dell\u2019utente, nella specifica sezione del sito possono essere raccolte le tue generalit\u00e0 e il tuo indirizzo email al solo fine di inviare la newsletter \u2018AlterEgo Informa\u2019 che aggiorna periodicamente sulle novit\u00e0 relative ai contenuti trattati nel sito e sulle attivit\u00e0 promosse da AlterEgo. Non vengono eseguiti trattamenti di profilazione dei dati personali forniti. La newsletter \u00e8 inviata a mezzo posta elettronica a coloro che ne fanno esplicita richiesta compilando il relativo form e autorizzando AlterEgo al trattamento dei propri dati personali.<\/li>\n<li>Il conferimento dei dati \u00e8 facoltativo, tuttavia il rifiuto a fornire i dati comporta l\u2019impossibilit\u00e0 di ottenere il servizio newsletter. I dati personali forniti dagli utenti sono utilizzati al solo fine di inviare la newsletter e non vengono comunicati a terzi. I dati raccolti sono trattati con strumenti informatici e idonee misure di sicurezza sono osservate per prevenire la perdita dei dati, gli usi illeciti o non corretti e gli accessi non autorizzati. I dati vengono conservati per tutto il periodo di iscrizione alla newsletter e cancellati su richiesta dell\u2019interessato.<\/li>\n<\/ol>\n\t\t\t\t\t<\/div>\n\t\t\t\t<\/div>\n\t\t\t<\/div>\n\n\t\t\n\t\t\t<div class=\"panel panel-default\">\n\t\t\t\t<div class=\"panel-heading\" role=\"tab\"\n\t\t\t\t\t id=\"heading_accordion_7dc7515_4\">\n\t\t\t\t\t<h4 class=\"panel-title\">\n\t\t\t\t\t\t<a role=\"button\" class=\"collapsed\" data-toggle=\"collapse\"\n\t\t\t\t\t\t   data-parent=\"#accordion_7dc7515\"\n\t\t\t\t\t\t   href=\"#collapse_accordion_7dc7515_4\" aria-expanded=\"false\"\n\t\t\t\t\t\t   aria-controls=\"collapse_accordion_7dc7515_4\">\n\t\t\t\t\t\t\tModalit\u00e0 del trattamento\t\t\t\t\t\t<\/a>\n\t\t\t\t\t<\/h4>\n\t\t\t\t<\/div>\n\t\t\t\t<div id=\"collapse_accordion_7dc7515_4\"\n\t\t\t\t\t class=\"panel-collapse collapse\"\n\t\t\t\t\t role=\"tabpanel\" aria-labelledby=\"heading_accordion_7dc7515_4\">\n\t\t\t\t\t<div class=\"panel-body\">\n\t\t\t\t\t\t<ol>\n<li>Il trattamento dei tuoi dati connessi all\u2019attivit\u00e0 di questo sito ha luogo presso la sede di AlterEgo e\/o presso la sede dei suoi fornitori. I tuoi dati possono essere trattati sia con mezzi informatizzati sia con mezzi manuali.<\/li>\n<li>In ogni caso i tuoi dati sono trattati secondo i principi di correttezza, lealt\u00e0 e trasparenza previsti dalla normativa vigente in materia di protezione dei dati personali. Sono inoltre osservate specifiche misure di sicurezza per prevenire la perdita dei dati, gli usi illeciti o non corretti e gli accessi non autorizzati.<\/li>\n<\/ol>\n\t\t\t\t\t<\/div>\n\t\t\t\t<\/div>\n\t\t\t<\/div>\n\n\t\t\n\t\t\t<div class=\"panel panel-default\">\n\t\t\t\t<div class=\"panel-heading\" role=\"tab\"\n\t\t\t\t\t id=\"heading_accordion_7dc7515_5\">\n\t\t\t\t\t<h4 class=\"panel-title\">\n\t\t\t\t\t\t<a role=\"button\" class=\"collapsed\" data-toggle=\"collapse\"\n\t\t\t\t\t\t   data-parent=\"#accordion_7dc7515\"\n\t\t\t\t\t\t   href=\"#collapse_accordion_7dc7515_5\" aria-expanded=\"false\"\n\t\t\t\t\t\t   aria-controls=\"collapse_accordion_7dc7515_5\">\n\t\t\t\t\t\t\tConservazione dei dati\t\t\t\t\t\t<\/a>\n\t\t\t\t\t<\/h4>\n\t\t\t\t<\/div>\n\t\t\t\t<div id=\"collapse_accordion_7dc7515_5\"\n\t\t\t\t\t class=\"panel-collapse collapse\"\n\t\t\t\t\t role=\"tabpanel\" aria-labelledby=\"heading_accordion_7dc7515_5\">\n\t\t\t\t\t<div class=\"panel-body\">\n\t\t\t\t\t\t<ol>\n<li>I tuoi dati sono conservati per il periodo strettamente necessario a conseguire gli scopi per cui sono stati raccolti e comunque non oltre il termine di 10 (dieci) anni previsto ai fini civilistici, fiscali e contabili.<br \/>\nIn caso di trattamento dei tuoi dati per finalit\u00e0 di marketing, i dati sono conservati sino a revoca del consenso e, in ogni caso, conformemente e a quanto indicato dal Garante della Privacy nei suoi provvedimenti.<\/li>\n<\/ol>\n\t\t\t\t\t<\/div>\n\t\t\t\t<\/div>\n\t\t\t<\/div>\n\n\t\t\n\t\t\t<div class=\"panel panel-default\">\n\t\t\t\t<div class=\"panel-heading\" role=\"tab\"\n\t\t\t\t\t id=\"heading_accordion_7dc7515_6\">\n\t\t\t\t\t<h4 class=\"panel-title\">\n\t\t\t\t\t\t<a role=\"button\" class=\"collapsed\" data-toggle=\"collapse\"\n\t\t\t\t\t\t   data-parent=\"#accordion_7dc7515\"\n\t\t\t\t\t\t   href=\"#collapse_accordion_7dc7515_6\" aria-expanded=\"false\"\n\t\t\t\t\t\t   aria-controls=\"collapse_accordion_7dc7515_6\">\n\t\t\t\t\t\t\tComunicazione e diffusione dei dati\t\t\t\t\t\t<\/a>\n\t\t\t\t\t<\/h4>\n\t\t\t\t<\/div>\n\t\t\t\t<div id=\"collapse_accordion_7dc7515_6\"\n\t\t\t\t\t class=\"panel-collapse collapse\"\n\t\t\t\t\t role=\"tabpanel\" aria-labelledby=\"heading_accordion_7dc7515_6\">\n\t\t\t\t\t<div class=\"panel-body\">\n\t\t\t\t\t\t<ol>\n<li>I tuoi dati possono essere comunicati al personale autorizzato di AlterEgo che sia stato opportunamente informato e formato, oppure al personale di soggetti terzi che operano per conto e su istruzioni di AlterEgo in qualit\u00e0 di responsabili del trattamento, ivi inclusa la societ\u00e0 incaricata dell\u2019assistenza tecnica del sito.<\/li>\n<li>In caso di consenso al trattamento dei dati per finalit\u00e0 di marketing, i tuoi dati possono essere trattati anche da agenzie di marketing o altre societ\u00e0, come responsabili del trattamento, per finalit\u00e0 relative alla gestione e l\u2019invio di newsletter e informazioni commerciali via email, vendita diretta, ricerche di mercato o altre attivit\u00e0 promozionali.<\/li>\n<li>Per l\u2019acquisto e la vendita dei nostri prodotti e dei nostri servizi, i tuoi dati possono essere comunicati anche a societ\u00e0 che gestiscono i pagamenti elettronici e\/o si occupano della loro spedizione. Tali soggetti terzi operano quali autonomi titolari del trattamento. Inoltre, nello svolgimento delle proprie attivit\u00e0 ordinarie aziendali i tuoi dati possono essere comunicati a liberi professionisti, a societ\u00e0 di consulenza o altri soggetti che operano come autonomi titolari del trattamento.<\/li>\n<\/ol>\n\t\t\t\t\t<\/div>\n\t\t\t\t<\/div>\n\t\t\t<\/div>\n\n\t\t\n\t\t\t<div class=\"panel panel-default\">\n\t\t\t\t<div class=\"panel-heading\" role=\"tab\"\n\t\t\t\t\t id=\"heading_accordion_7dc7515_7\">\n\t\t\t\t\t<h4 class=\"panel-title\">\n\t\t\t\t\t\t<a role=\"button\" class=\"collapsed\" data-toggle=\"collapse\"\n\t\t\t\t\t\t   data-parent=\"#accordion_7dc7515\"\n\t\t\t\t\t\t   href=\"#collapse_accordion_7dc7515_7\" aria-expanded=\"false\"\n\t\t\t\t\t\t   aria-controls=\"collapse_accordion_7dc7515_7\">\n\t\t\t\t\t\t\tDiritti degli interessati\t\t\t\t\t\t<\/a>\n\t\t\t\t\t<\/h4>\n\t\t\t\t<\/div>\n\t\t\t\t<div id=\"collapse_accordion_7dc7515_7\"\n\t\t\t\t\t class=\"panel-collapse collapse\"\n\t\t\t\t\t role=\"tabpanel\" aria-labelledby=\"heading_accordion_7dc7515_7\">\n\t\t\t\t\t<div class=\"panel-body\">\n\t\t\t\t\t\t<ol>\n<li>Puoi accedere in qualunque momento e gratuitamente ai tuoi dati, ricevere i tuoi dati personali elettronici in un formato strutturato e comunemente utilizzato leggibile meccanicamente e chiederci di trasmetterli a un altro titolare del trattamento (portabilit\u00e0 dei dati), nonch\u00e9 correggerli, aggiornarli, modificarli o eliminarli (fatte salve le eventuali eccezioni applicabili). Informiamo che le richieste di cancellazione dei dati sono subordinate agli obblighi vigenti di legge e di conservazione dei documenti imposti da norme di legge o da regolamentari.<\/li>\n<li>Laddove il trattamento dei tuoi dati sia basato sul consenso, hai il diritto di revocare il consenso in qualsiasi momento. Pertanto, hai sempre il diritto di opporti all\u2019invio di comunicazioni commerciali\/promozionali, newsletter e al trattamento dei tuoi dati per tutte o solo alcune delle finalit\u00e0 di marketing o commerciali. Puoi altres\u00ec aggiornare i tuoi dati forniti ad AlterEgo inviando un\u2019email all\u2019indirizzo privacy@myalterego.it oppure via posta scrivendo alla sede di AlterEgo. Nel contattarci, dovrai accertarti di includere il tuo nome, indirizzo email, indirizzo postale e\/o numero\/i di telefono per assicurarti che la tua richiesta possa essere gestita correttamente.<\/li>\n<li>In caso di violazione della disciplina in materia di protezione dei dati personali, puoi proporre reclamo all\u2019Autorit\u00e0 di controllo nazionale (www.garanteprivacy.it) o di qualunque altro paese dell\u2019UE ove hai la residenza abituale o dove ritieni che si sia verificata la violazione.<\/li>\n<\/ol>\n\t\t\t\t\t<\/div>\n\t\t\t\t<\/div>\n\t\t\t<\/div>\n\n\t\t\n\t\t\t<div class=\"panel panel-default\">\n\t\t\t\t<div class=\"panel-heading\" role=\"tab\"\n\t\t\t\t\t id=\"heading_accordion_7dc7515_8\">\n\t\t\t\t\t<h4 class=\"panel-title\">\n\t\t\t\t\t\t<a role=\"button\" class=\"collapsed\" data-toggle=\"collapse\"\n\t\t\t\t\t\t   data-parent=\"#accordion_7dc7515\"\n\t\t\t\t\t\t   href=\"#collapse_accordion_7dc7515_8\" aria-expanded=\"false\"\n\t\t\t\t\t\t   aria-controls=\"collapse_accordion_7dc7515_8\">\n\t\t\t\t\t\t\tUltimo aggiornamento\t\t\t\t\t\t<\/a>\n\t\t\t\t\t<\/h4>\n\t\t\t\t<\/div>\n\t\t\t\t<div id=\"collapse_accordion_7dc7515_8\"\n\t\t\t\t\t class=\"panel-collapse collapse\"\n\t\t\t\t\t role=\"tabpanel\" aria-labelledby=\"heading_accordion_7dc7515_8\">\n\t\t\t\t\t<div class=\"panel-body\">\n\t\t\t\t\t\t<ol>\n<li>Gennaio 2024.<\/li>\n<\/ol>\n\t\t\t\t\t<\/div>\n\t\t\t\t<\/div>\n\t\t\t<\/div>\n\n\t\t<\/div><\/div>\t\t\t\t<\/div>\n\t\t\t\t<\/div>\n\t\t\t\t\t<\/div>\n\t\t<\/div>\n\t\t\t\t\t<\/div>\n\t\t<\/section>\n\t\t\t\t\t<\/div>\n\t\t<\/div>\n\t\t\t\t\t<\/div>\n\t\t<\/section>\n\t\t\t\t<\/div>\n\t\t","protected":false},"excerpt":{"rendered":"<p>Leggere attentamente l&#8217;informativa sulla privacy prima di procedere con la navigazione del sito. Di seguito sono descritte le modalit\u00e0 di gestione del sito myalterego.it in riferimento al trattamento dei dati personali degli utenti che lo consultano. Si tratta di un\u2019informativa &hellip; <\/p>\n","protected":false},"author":2,"featured_media":0,"parent":0,"menu_order":0,"comment_status":"closed","ping_status":"closed","template":"","meta":{"pmpro_default_level":"","footnotes":""},"class_list":["post-19356","page","type-page","status-publish","hentry","pmpro-has-access"],"_links":{"self":[{"href":"https:\/\/myalterego.it\/ae\/wp-json\/wp\/v2\/pages\/19356","targetHints":{"allow":["GET"]}}],"collection":[{"href":"https:\/\/myalterego.it\/ae\/wp-json\/wp\/v2\/pages"}],"about":[{"href":"https:\/\/myalterego.it\/ae\/wp-json\/wp\/v2\/types\/page"}],"author":[{"embeddable":true,"href":"https:\/\/myalterego.it\/ae\/wp-json\/wp\/v2\/users\/2"}],"replies":[{"embeddable":true,"href":"https:\/\/myalterego.it\/ae\/wp-json\/wp\/v2\/comments?post=19356"}],"version-history":[{"count":38,"href":"https:\/\/myalterego.it\/ae\/wp-json\/wp\/v2\/pages\/19356\/revisions"}],"predecessor-version":[{"id":21460,"href":"https:\/\/myalterego.it\/ae\/wp-json\/wp\/v2\/pages\/19356\/revisions\/21460"}],"wp:attachment":[{"href":"https:\/\/myalterego.it\/ae\/wp-json\/wp\/v2\/media?parent=19356"}],"curies":[{"name":"wp","href":"https:\/\/api.w.org\/{rel}","templated":true}]}}