{"id":19383,"date":"2023-08-18T08:38:53","date_gmt":"2023-08-18T08:38:53","guid":{"rendered":"https:\/\/myalterego.it\/ae\/?page_id=19383"},"modified":"2024-01-20T14:58:09","modified_gmt":"2024-01-20T13:58:09","slug":"informativa-sui-cookies","status":"publish","type":"page","link":"https:\/\/myalterego.it\/ae\/informativa-sui-cookies\/","title":{"rendered":"Informativa sui cookies"},"content":{"rendered":"\t\t<div data-elementor-type=\"wp-page\" data-elementor-id=\"19383\" class=\"elementor elementor-19383\">\n\t\t\t\t\t\t<section class=\"elementor-section elementor-top-section elementor-element elementor-element-f6dd1f4 elementor-section-boxed elementor-section-height-default elementor-section-height-default\" data-id=\"f6dd1f4\" data-element_type=\"section\">\n\t\t\t\t\t\t<div class=\"elementor-container elementor-column-gap-default\">\n\t\t\t\t\t<div class=\"elementor-column elementor-col-100 elementor-top-column elementor-element elementor-element-ebfe52d\" data-id=\"ebfe52d\" data-element_type=\"column\">\n\t\t\t<div class=\"elementor-widget-wrap elementor-element-populated\">\n\t\t\t\t\t\t<section class=\"elementor-section elementor-inner-section elementor-element elementor-element-9e8bef7 elementor-section-boxed elementor-section-height-default elementor-section-height-default\" data-id=\"9e8bef7\" data-element_type=\"section\">\n\t\t\t\t\t\t<div class=\"elementor-container elementor-column-gap-default\">\n\t\t\t\t\t<div class=\"elementor-column elementor-col-50 elementor-inner-column elementor-element elementor-element-b015656\" data-id=\"b015656\" data-element_type=\"column\">\n\t\t\t<div class=\"elementor-widget-wrap elementor-element-populated\">\n\t\t\t\t\t\t<div class=\"elementor-element elementor-element-fb9bced elementor-widget elementor-widget-text-editor\" data-id=\"fb9bced\" data-element_type=\"widget\" data-widget_type=\"text-editor.default\">\n\t\t\t\t<div class=\"elementor-widget-container\">\n\t\t\t\t\t\t\t\t\t<p><span style=\"color: #ffb606;\"><strong>Leggere attentamente l&#8217;informativa sui cookies prima di procedere con la navigazione del sito.<\/strong><\/span><\/p><p>La presente informativa sui cookies ha lo scopo di descrivere le modalit\u00e0 di gestione del sito myalterego.it con riferimento all\u2019utilizzo dei cookies.<\/p><p>Come molti altri siti web, myalterego.it raccoglie e utilizza diverse informazioni dal browser, soprattutto sotto forma di cookies. Tali informazioni possono riguardare l\u2019utente, le sue preferenze o il dispositivo di accesso a internet (computer, tablet, smartphone, ecc.) e vengono utilizzate principalmente per adeguare il funzionamento del sito alle aspettative dell\u2019utente, offrendo un\u2019esperienza di navigazione pi\u00f9 personalizzata e memorizzando le scelte effettuate in precedenza.<\/p><p>Nella presente informativa sono descritti i cookies che vengono installati dal sito, caratteristiche e finalit\u00e0 di ognuno. Viene, altres\u00ec, precisato quali cookies necessitano del consenso dell\u2019utente per essere installati, indicando le modalit\u00e0 per il conferimento e la revoca del consenso, anche per effetto delle impostazioni del browser utilizzato dall\u2019utente per la navigazione.<\/p><p>Con riferimento ai cookies di terze parti, infine, sono forniti i link alle informative dei terzi relative al loro impiego.<\/p>\t\t\t\t\t\t\t\t<\/div>\n\t\t\t\t<\/div>\n\t\t\t\t\t<\/div>\n\t\t<\/div>\n\t\t\t\t<div class=\"elementor-column elementor-col-50 elementor-inner-column elementor-element elementor-element-e7ee679\" data-id=\"e7ee679\" data-element_type=\"column\">\n\t\t\t<div class=\"elementor-widget-wrap elementor-element-populated\">\n\t\t\t\t\t\t<div class=\"elementor-element elementor-element-7dc7515 elementor-widget elementor-widget-thim-accordion\" data-id=\"7dc7515\" data-element_type=\"widget\" data-widget_type=\"thim-accordion.default\">\n\t\t\t\t<div class=\"elementor-widget-container\">\n\t\t\t\t\t<div class=\"thim-widget-accordion accordion-new-style\"><div id=\"accordion_7dc7515\" class=\"panel-group\" role=\"tablist\" aria-multiselectable=\"true\">\n\t\t\t<div class=\"panel panel-default\">\n\t\t\t\t<div class=\"panel-heading\" role=\"tab\"\n\t\t\t\t\t id=\"heading_accordion_7dc7515_0\">\n\t\t\t\t\t<h4 class=\"panel-title\">\n\t\t\t\t\t\t<a role=\"button\" class=\"collapsed\" data-toggle=\"collapse\"\n\t\t\t\t\t\t   data-parent=\"#accordion_7dc7515\"\n\t\t\t\t\t\t   href=\"#collapse_accordion_7dc7515_0\" aria-expanded=\"false\"\n\t\t\t\t\t\t   aria-controls=\"collapse_accordion_7dc7515_0\">\n\t\t\t\t\t\t\tCosa sono i cookies\t\t\t\t\t\t<\/a>\n\t\t\t\t\t<\/h4>\n\t\t\t\t<\/div>\n\t\t\t\t<div id=\"collapse_accordion_7dc7515_0\"\n\t\t\t\t\t class=\"panel-collapse collapse\"\n\t\t\t\t\t role=\"tabpanel\" aria-labelledby=\"heading_accordion_7dc7515_0\">\n\t\t\t\t\t<div class=\"panel-body\">\n\t\t\t\t\t\t<ol>\n<li>I cookies sono piccole porzioni di dati sotto forma di stringhe di testo che il server web fornisce al dispositivo di navigazione dell\u2019utente (computer, tablet, smartphone, ecc.) per consentire l\u2019utilizzo del sito.<\/li>\n<\/ol>\n\t\t\t\t\t<\/div>\n\t\t\t\t<\/div>\n\t\t\t<\/div>\n\n\t\t\n\t\t\t<div class=\"panel panel-default\">\n\t\t\t\t<div class=\"panel-heading\" role=\"tab\"\n\t\t\t\t\t id=\"heading_accordion_7dc7515_1\">\n\t\t\t\t\t<h4 class=\"panel-title\">\n\t\t\t\t\t\t<a role=\"button\" class=\"collapsed\" data-toggle=\"collapse\"\n\t\t\t\t\t\t   data-parent=\"#accordion_7dc7515\"\n\t\t\t\t\t\t   href=\"#collapse_accordion_7dc7515_1\" aria-expanded=\"false\"\n\t\t\t\t\t\t   aria-controls=\"collapse_accordion_7dc7515_1\">\n\t\t\t\t\t\t\tA cosa servono i cookies\t\t\t\t\t\t<\/a>\n\t\t\t\t\t<\/h4>\n\t\t\t\t<\/div>\n\t\t\t\t<div id=\"collapse_accordion_7dc7515_1\"\n\t\t\t\t\t class=\"panel-collapse collapse\"\n\t\t\t\t\t role=\"tabpanel\" aria-labelledby=\"heading_accordion_7dc7515_1\">\n\t\t\t\t\t<div class=\"panel-body\">\n\t\t\t\t\t\t<ol>\n<li>Le informazioni generate dall\u2019uso dei cookies permettono di ottimizzare le pagine e le infrastrutture tecniche, migliorando cos\u00ec la navigazione del sito.<\/li>\n<\/ol>\n\t\t\t\t\t<\/div>\n\t\t\t\t<\/div>\n\t\t\t<\/div>\n\n\t\t\n\t\t\t<div class=\"panel panel-default\">\n\t\t\t\t<div class=\"panel-heading\" role=\"tab\"\n\t\t\t\t\t id=\"heading_accordion_7dc7515_2\">\n\t\t\t\t\t<h4 class=\"panel-title\">\n\t\t\t\t\t\t<a role=\"button\" class=\"collapsed\" data-toggle=\"collapse\"\n\t\t\t\t\t\t   data-parent=\"#accordion_7dc7515\"\n\t\t\t\t\t\t   href=\"#collapse_accordion_7dc7515_2\" aria-expanded=\"false\"\n\t\t\t\t\t\t   aria-controls=\"collapse_accordion_7dc7515_2\">\n\t\t\t\t\t\t\tCatalogazione dei cookies\t\t\t\t\t\t<\/a>\n\t\t\t\t\t<\/h4>\n\t\t\t\t<\/div>\n\t\t\t\t<div id=\"collapse_accordion_7dc7515_2\"\n\t\t\t\t\t class=\"panel-collapse collapse\"\n\t\t\t\t\t role=\"tabpanel\" aria-labelledby=\"heading_accordion_7dc7515_2\">\n\t\t\t\t\t<div class=\"panel-body\">\n\t\t\t\t\t\t<ol>\n<li>A seconda della finalit\u00e0 per la quale vengono installati, i cookies vengono distinti in:<\/li>\n<ul type=\"square\">\n<li>cookies tecnici e analitici aggregati: aiutano a contribuire a rendere fruibile un sito web abilitando le funzioni di base come la navigazione della pagina, l\u2019impostazione delle preferenze sulla privacy e l\u2019accesso o la compilazione di moduli. I cookies analitici sono cookies che permettono di contare le visite e fonti di traffico per l\u2019elaborazione di report e statistiche sulle modalit\u00e0 di navigazione degli utenti. Le statistiche aggregate sulle visite non mostrano mai informazioni da cui \u00e8 possibile risalire all\u2019identit\u00e0 dell\u2019interessato. Il sito potrebbe non funzionare correttamente senza questi cookies;<\/li>\n<li>cookies di marketing e profilazione: sono utilizzati per tracciare la navigazione dell\u2019utente in rete e creare profili su gusti, abitudini e scelte dell\u2019utente. Tali cookies, se di terza parte, possono mostrare contenuti e annunci pertinenti su altri siti. Se non si accettano questi cookies, l\u2019utente non riceve contenuti personalizzati;<\/li>\n<li>cookies dei social media: sono installati da fornitori di social media per consentire la condivisione dei contenuti di un sito web, permettere ad un account social di interagire con il sito, consentire di esprimere un apprezzamento e condividerlo. La disabilitazione di questi cookies pu\u00f2 comportare la mancata condivisione dei contenuti sui social media.<\/li>\n<\/ul>\n<li>I sopracitati cookies sono definiti \u201cdi prima parte\u201d, se installati da www.myalterego.it e \u201cdi terze parti\u201d, se installati da soggetti diversi.<\/li>\n<\/ol>\n\t\t\t\t\t<\/div>\n\t\t\t\t<\/div>\n\t\t\t<\/div>\n\n\t\t\n\t\t\t<div class=\"panel panel-default\">\n\t\t\t\t<div class=\"panel-heading\" role=\"tab\"\n\t\t\t\t\t id=\"heading_accordion_7dc7515_3\">\n\t\t\t\t\t<h4 class=\"panel-title\">\n\t\t\t\t\t\t<a role=\"button\" class=\"collapsed\" data-toggle=\"collapse\"\n\t\t\t\t\t\t   data-parent=\"#accordion_7dc7515\"\n\t\t\t\t\t\t   href=\"#collapse_accordion_7dc7515_3\" aria-expanded=\"false\"\n\t\t\t\t\t\t   aria-controls=\"collapse_accordion_7dc7515_3\">\n\t\t\t\t\t\t\tCookies del sito\t\t\t\t\t\t<\/a>\n\t\t\t\t\t<\/h4>\n\t\t\t\t<\/div>\n\t\t\t\t<div id=\"collapse_accordion_7dc7515_3\"\n\t\t\t\t\t class=\"panel-collapse collapse\"\n\t\t\t\t\t role=\"tabpanel\" aria-labelledby=\"heading_accordion_7dc7515_3\">\n\t\t\t\t\t<div class=\"panel-body\">\n\t\t\t\t\t\t<ol>\n<li>Tramite il sito, vengono installati cookies tecnici e analitici aggregati, di marketing e di profilazione e dei social media, sia di myalterego.it che di terze parti.<\/li>\n<li>Nella homepage, al primo accesso al sito, \u00e8 possibile visualizzare un banner a comparsa che contiene un\u2019informativa breve sull\u2019utilizzo dei cookies. Tramite l\u2019interazione con il banner, l\u2019utente ha la possibilit\u00e0 di accettare l\u2019utilizzo dei cookies o selezionarne solo alcuni. \u00c8 possibile modificare le scelte effettuate in qualsiasi momento.<\/li>\n<li>I dati sono raccolti sono trattati con modalit\u00e0 automatizzate.<\/li>\n<\/ol>\n\t\t\t\t\t<\/div>\n\t\t\t\t<\/div>\n\t\t\t<\/div>\n\n\t\t\n\t\t\t<div class=\"panel panel-default\">\n\t\t\t\t<div class=\"panel-heading\" role=\"tab\"\n\t\t\t\t\t id=\"heading_accordion_7dc7515_4\">\n\t\t\t\t\t<h4 class=\"panel-title\">\n\t\t\t\t\t\t<a role=\"button\" class=\"collapsed\" data-toggle=\"collapse\"\n\t\t\t\t\t\t   data-parent=\"#accordion_7dc7515\"\n\t\t\t\t\t\t   href=\"#collapse_accordion_7dc7515_4\" aria-expanded=\"false\"\n\t\t\t\t\t\t   aria-controls=\"collapse_accordion_7dc7515_4\">\n\t\t\t\t\t\t\tUtilizzo dei cookies\t\t\t\t\t\t<\/a>\n\t\t\t\t\t<\/h4>\n\t\t\t\t<\/div>\n\t\t\t\t<div id=\"collapse_accordion_7dc7515_4\"\n\t\t\t\t\t class=\"panel-collapse collapse\"\n\t\t\t\t\t role=\"tabpanel\" aria-labelledby=\"heading_accordion_7dc7515_4\">\n\t\t\t\t\t<div class=\"panel-body\">\n\t\t\t\t\t\t<ol>\n<li>I cookies tecnici utilizzati dal sito abilitano le funzioni di base come la navigazione della pagina, l\u2019impostazione delle preferenze sulla privacy e l\u2019accesso o la compilazione di moduli. Per l\u2019utilizzo di questi cookies non \u00e8 richiesto il consenso dell\u2019utente in quanto necessari al funzionamento del sito. In via esemplificativa e non esaustiva www.myalterego.it utilizza questi cookie per le seguenti finalit\u00e0:<\/li>\n<ul type=\"square\">\n<li>tenere traccia dei prodotti selezionati ed inseriti nel carrello;<\/li>\n<li>riconoscere l\u2019utente ogni qualvolta torna a visitare il sito;<\/li>\n<li>consentire l\u2019accesso a diverse sezioni del sito nel corso della navigazione;<\/li>\n<li>consentire l\u2019accesso ad aree protette del sito, ivi inclusa la possibilit\u00e0 di effettuare pagamenti;<\/li>\n<li>fornire funzionalit\u00e0 sempre pi\u00f9 aggiornate, consentendo l\u2019accesso ai servizi;<\/li>\n<li>tracciare il contenuto del carrello, qualora si desiderasse ritornare a visitare il sito in futuro.<\/li>\n<\/ul>\n<li>I cookies analitici sono cookies che permettono di contare le visite e le fonti di traffico per l\u2019elaborazione di report e statistiche sulle modalit\u00e0 di navigazione degli utenti. Sono necessari per il funzionamento di Google Analytics, un servizio di analisi dei dati web fornito da Google. Google Analytics registra i dati di navigazione degli utenti allo scopo di tracciare ed esaminare l\u2019utilizzo del sito, compilare report sulle attivit\u00e0 del sito per gli operatori e fornire altri servizi relativi alle attivit\u00e0 del sito e all\u2019utilizzo di internet. Tali informazioni servono per migliorare le performance, ottimizzare il funzionamento del sito e l\u2019esperienza dell\u2019utente durante l\u2019acquisto. I dati salvati sono anonimi e non contengono mai informazioni personali. Per l\u2019utilizzo di questi cookies non \u00e8 richiesto il consenso dell\u2019utente in quanto necessari al funzionamento del sito.<\/li>\n<li>I cookies di marketing e profilazione permettono di offrire un servizio di navigazione personalizzato, attraverso la possibilit\u00e0 di fruire di servizi basati sugli interessi, sia nell\u2019ambito del nostro sito, sia presso altri siti internet. In via esemplificativa, questi cookie consentono a noi e ai soggetti terzi di aggiornare gli utenti sui prodotti e i servizi di loro potenziale interesse e di fornire ai partner dettagli relativi alle visite al fine di offrire informazioni riguardo prodotti e servizi potenzialmente interessati. Se non si accettano questi cookies, non si potranno ricevere contenuti e annunci.<\/li>\n<li>I cookies dei social media sono installati da fornitori di social media per consentire la condivisione dei contenuti di un sito web, permettere ad un account social di interagire con il sito, consentire di esprimere un apprezzamento e condividerlo. La mancata accettazione di questi cookies pu\u00f2 comportare l\u2019impossibilit\u00e0 di condividere i contenuti del sito sui social network.<\/li>\n<\/ol>\n\t\t\t\t\t<\/div>\n\t\t\t\t<\/div>\n\t\t\t<\/div>\n\n\t\t\n\t\t\t<div class=\"panel panel-default\">\n\t\t\t\t<div class=\"panel-heading\" role=\"tab\"\n\t\t\t\t\t id=\"heading_accordion_7dc7515_5\">\n\t\t\t\t\t<h4 class=\"panel-title\">\n\t\t\t\t\t\t<a role=\"button\" class=\"collapsed\" data-toggle=\"collapse\"\n\t\t\t\t\t\t   data-parent=\"#accordion_7dc7515\"\n\t\t\t\t\t\t   href=\"#collapse_accordion_7dc7515_5\" aria-expanded=\"false\"\n\t\t\t\t\t\t   aria-controls=\"collapse_accordion_7dc7515_5\">\n\t\t\t\t\t\t\tControllo dei Cookies tramite browser\t\t\t\t\t\t<\/a>\n\t\t\t\t\t<\/h4>\n\t\t\t\t<\/div>\n\t\t\t\t<div id=\"collapse_accordion_7dc7515_5\"\n\t\t\t\t\t class=\"panel-collapse collapse\"\n\t\t\t\t\t role=\"tabpanel\" aria-labelledby=\"heading_accordion_7dc7515_5\">\n\t\t\t\t\t<div class=\"panel-body\">\n\t\t\t\t\t\t<ol>\n<li>Molti cookies utilizzati dal sito possono essere abilitati o disabilitati tramite i tools di consenso o disabilitando i cookies tramite le impostazioni del browser. Per disabilitare i cookies, seguire le istruzioni che si trovano all\u2019interno del browser. Tuttavia, in caso di blocco dei cookies, il sito potrebbe non funzionare correttamente.<\/li>\n<li>La disabilitazione di un cookie o di una categoria di cookies non comporta tuttavia la cancellazione dei cookies precedentemente registrati dal browser, a meno che l\u2019azione di cancellazione non sia stata completata manualmente attraverso la specifica funzionalit\u00e0 del browser. Per informazioni su come modificare le impostazioni dei cookies seleziona dall\u2019elenco il browser che stai utilizzando e segui le istruzioni che ti vengono fornite.<\/li>\n<li>Nel caso si volesse negare il consenso d\u2019installazione dei cookies generati dal sito \u00e8 necessario personalizzare le impostazioni del proprio computer o dispositivo impostando, se previsto, la cancellazione di tutti i cookies o attivando un messaggio di avviso quando i cookies vengono memorizzati. Si consiglia di visitare il sito http:\/\/AboutCookies.org per ulteriori informazioni sui cookies e su come influenzano l\u2019esperienza di navigazione. \u00c8 importante ricordare che la disabilitazione dei cookies potrebbe impedire l\u2019utilizzo di alcune, se non tutte, le funzioni o sezioni del sito.<\/li>\n<\/ol>\n\t\t\t\t\t<\/div>\n\t\t\t\t<\/div>\n\t\t\t<\/div>\n\n\t\t\n\t\t\t<div class=\"panel panel-default\">\n\t\t\t\t<div class=\"panel-heading\" role=\"tab\"\n\t\t\t\t\t id=\"heading_accordion_7dc7515_6\">\n\t\t\t\t\t<h4 class=\"panel-title\">\n\t\t\t\t\t\t<a role=\"button\" class=\"collapsed\" data-toggle=\"collapse\"\n\t\t\t\t\t\t   data-parent=\"#accordion_7dc7515\"\n\t\t\t\t\t\t   href=\"#collapse_accordion_7dc7515_6\" aria-expanded=\"false\"\n\t\t\t\t\t\t   aria-controls=\"collapse_accordion_7dc7515_6\">\n\t\t\t\t\t\t\tUlteriori informazioni\t\t\t\t\t\t<\/a>\n\t\t\t\t\t<\/h4>\n\t\t\t\t<\/div>\n\t\t\t\t<div id=\"collapse_accordion_7dc7515_6\"\n\t\t\t\t\t class=\"panel-collapse collapse\"\n\t\t\t\t\t role=\"tabpanel\" aria-labelledby=\"heading_accordion_7dc7515_6\">\n\t\t\t\t\t<div class=\"panel-body\">\n\t\t\t\t\t\t<ol>\n<li>Rispetto alle informazioni raccolte dai cookies installati direttamente dal sito, AlterEgo precisa che i dati raccolti dai cookie di myalterego.it possono essere comunicati a soggetti, anche residenti in paesi esteri, che agiscono per conto di myalterego.it in qualit\u00e0 di responsabili o autorizzati al trattamento (ivi compresi, in particolare, soggetti incaricati di svolgere le attivit\u00e0 di analisi delle abitudini di consumo, nonch\u00e9 di preparazione ed invio delle comunicazioni promozionali), per finalit\u00e0 connesse a quelle sopra descritte. In tal caso, ai soggetti destinatari dei dati sono imposti obblighi di protezione e sicurezza equivalenti a quelli garantiti da myalterego.it.<\/li>\n<\/ol>\n\t\t\t\t\t<\/div>\n\t\t\t\t<\/div>\n\t\t\t<\/div>\n\n\t\t\n\t\t\t<div class=\"panel panel-default\">\n\t\t\t\t<div class=\"panel-heading\" role=\"tab\"\n\t\t\t\t\t id=\"heading_accordion_7dc7515_7\">\n\t\t\t\t\t<h4 class=\"panel-title\">\n\t\t\t\t\t\t<a role=\"button\" class=\"collapsed\" data-toggle=\"collapse\"\n\t\t\t\t\t\t   data-parent=\"#accordion_7dc7515\"\n\t\t\t\t\t\t   href=\"#collapse_accordion_7dc7515_7\" aria-expanded=\"false\"\n\t\t\t\t\t\t   aria-controls=\"collapse_accordion_7dc7515_7\">\n\t\t\t\t\t\t\tUltimo aggiornamento\t\t\t\t\t\t<\/a>\n\t\t\t\t\t<\/h4>\n\t\t\t\t<\/div>\n\t\t\t\t<div id=\"collapse_accordion_7dc7515_7\"\n\t\t\t\t\t class=\"panel-collapse collapse\"\n\t\t\t\t\t role=\"tabpanel\" aria-labelledby=\"heading_accordion_7dc7515_7\">\n\t\t\t\t\t<div class=\"panel-body\">\n\t\t\t\t\t\t<ol>\n<li>Gennaio 2024.<\/li>\n<\/ol>\n\t\t\t\t\t<\/div>\n\t\t\t\t<\/div>\n\t\t\t<\/div>\n\n\t\t<\/div><\/div>\t\t\t\t<\/div>\n\t\t\t\t<\/div>\n\t\t\t\t\t<\/div>\n\t\t<\/div>\n\t\t\t\t\t<\/div>\n\t\t<\/section>\n\t\t\t\t\t<\/div>\n\t\t<\/div>\n\t\t\t\t\t<\/div>\n\t\t<\/section>\n\t\t\t\t<\/div>\n\t\t","protected":false},"excerpt":{"rendered":"<p>Leggere attentamente l&#8217;informativa sui cookies prima di procedere con la navigazione del sito. La presente informativa sui cookies ha lo scopo di descrivere le modalit\u00e0 di gestione del sito myalterego.it con riferimento all\u2019utilizzo dei cookies. Come molti altri siti web, &hellip; <\/p>\n","protected":false},"author":2,"featured_media":0,"parent":0,"menu_order":0,"comment_status":"closed","ping_status":"closed","template":"","meta":{"pmpro_default_level":"","footnotes":""},"class_list":["post-19383","page","type-page","status-publish","hentry","pmpro-has-access"],"_links":{"self":[{"href":"https:\/\/myalterego.it\/ae\/wp-json\/wp\/v2\/pages\/19383","targetHints":{"allow":["GET"]}}],"collection":[{"href":"https:\/\/myalterego.it\/ae\/wp-json\/wp\/v2\/pages"}],"about":[{"href":"https:\/\/myalterego.it\/ae\/wp-json\/wp\/v2\/types\/page"}],"author":[{"embeddable":true,"href":"https:\/\/myalterego.it\/ae\/wp-json\/wp\/v2\/users\/2"}],"replies":[{"embeddable":true,"href":"https:\/\/myalterego.it\/ae\/wp-json\/wp\/v2\/comments?post=19383"}],"version-history":[{"count":35,"href":"https:\/\/myalterego.it\/ae\/wp-json\/wp\/v2\/pages\/19383\/revisions"}],"predecessor-version":[{"id":21463,"href":"https:\/\/myalterego.it\/ae\/wp-json\/wp\/v2\/pages\/19383\/revisions\/21463"}],"wp:attachment":[{"href":"https:\/\/myalterego.it\/ae\/wp-json\/wp\/v2\/media?parent=19383"}],"curies":[{"name":"wp","href":"https:\/\/api.w.org\/{rel}","templated":true}]}}