{"id":19584,"date":"2023-08-18T12:35:55","date_gmt":"2023-08-18T12:35:55","guid":{"rendered":"https:\/\/myalterego.it\/ae\/?page_id=19584"},"modified":"2024-01-20T14:53:39","modified_gmt":"2024-01-20T13:53:39","slug":"pagamenti","status":"publish","type":"page","link":"https:\/\/myalterego.it\/ae\/pagamenti\/","title":{"rendered":"Pagamenti"},"content":{"rendered":"\t\t<div data-elementor-type=\"wp-page\" data-elementor-id=\"19584\" class=\"elementor elementor-19584\">\n\t\t\t\t\t\t<section class=\"elementor-section elementor-top-section elementor-element elementor-element-f6dd1f4 elementor-section-boxed elementor-section-height-default elementor-section-height-default\" data-id=\"f6dd1f4\" data-element_type=\"section\">\n\t\t\t\t\t\t<div class=\"elementor-container elementor-column-gap-default\">\n\t\t\t\t\t<div class=\"elementor-column elementor-col-100 elementor-top-column elementor-element elementor-element-ebfe52d\" data-id=\"ebfe52d\" data-element_type=\"column\">\n\t\t\t<div class=\"elementor-widget-wrap elementor-element-populated\">\n\t\t\t\t\t\t<section class=\"elementor-section elementor-inner-section elementor-element elementor-element-9e8bef7 elementor-section-boxed elementor-section-height-default elementor-section-height-default\" data-id=\"9e8bef7\" data-element_type=\"section\">\n\t\t\t\t\t\t<div class=\"elementor-container elementor-column-gap-default\">\n\t\t\t\t\t<div class=\"elementor-column elementor-col-50 elementor-inner-column elementor-element elementor-element-b015656\" data-id=\"b015656\" data-element_type=\"column\">\n\t\t\t<div class=\"elementor-widget-wrap elementor-element-populated\">\n\t\t\t\t\t\t<div class=\"elementor-element elementor-element-fb9bced elementor-widget elementor-widget-text-editor\" data-id=\"fb9bced\" data-element_type=\"widget\" data-widget_type=\"text-editor.default\">\n\t\t\t\t<div class=\"elementor-widget-container\">\n\t\t\t\t\t\t\t\t\t<p><span style=\"color: #ffb606;\"><strong>Decidi come pagare i tuoi acquisti.<\/strong><\/span><\/p><p>Di seguito sono descritte le modalit\u00e0 di pagamento accettate sul sito myalterego.it in riferimento agli acquisti.<\/p><p>Forniamo questa informativa non solo per adempiere agli obblighi di legge ma anche perch\u00e9 crediamo che la tutela dei clienti sia un valore fondamentale della nostra attivit\u00e0, pertanto vogliamo fornirti ogni informazione che possa aiutarti nell\u2019esperienza di navigazione del nostro sito.<\/p><p>Il prezzo dei prodotti e\/o dei servizi non comprende le spese di spedizione che sono specificate con voce a parte. Il prezzo finale dell\u2019ordine, inclusi i costi di spedizione, \u00e8 comunicato al cliente nel riepilogo dell\u2019ordine prima che l\u2019ordine sia effettuato.<\/p>\t\t\t\t\t\t\t\t<\/div>\n\t\t\t\t<\/div>\n\t\t\t\t\t<\/div>\n\t\t<\/div>\n\t\t\t\t<div class=\"elementor-column elementor-col-50 elementor-inner-column elementor-element elementor-element-e7ee679\" data-id=\"e7ee679\" data-element_type=\"column\">\n\t\t\t<div class=\"elementor-widget-wrap elementor-element-populated\">\n\t\t\t\t\t\t<div class=\"elementor-element elementor-element-7dc7515 elementor-widget elementor-widget-thim-accordion\" data-id=\"7dc7515\" data-element_type=\"widget\" data-widget_type=\"thim-accordion.default\">\n\t\t\t\t<div class=\"elementor-widget-container\">\n\t\t\t\t\t<div class=\"thim-widget-accordion accordion-new-style\"><div id=\"accordion_7dc7515\" class=\"panel-group\" role=\"tablist\" aria-multiselectable=\"true\">\n\t\t\t<div class=\"panel panel-default\">\n\t\t\t\t<div class=\"panel-heading\" role=\"tab\"\n\t\t\t\t\t id=\"heading_accordion_7dc7515_0\">\n\t\t\t\t\t<h4 class=\"panel-title\">\n\t\t\t\t\t\t<a role=\"button\" class=\"collapsed\" data-toggle=\"collapse\"\n\t\t\t\t\t\t   data-parent=\"#accordion_7dc7515\"\n\t\t\t\t\t\t   href=\"#collapse_accordion_7dc7515_0\" aria-expanded=\"false\"\n\t\t\t\t\t\t   aria-controls=\"collapse_accordion_7dc7515_0\">\n\t\t\t\t\t\t\tModalit\u00e0 di pagamento\t\t\t\t\t\t<\/a>\n\t\t\t\t\t<\/h4>\n\t\t\t\t<\/div>\n\t\t\t\t<div id=\"collapse_accordion_7dc7515_0\"\n\t\t\t\t\t class=\"panel-collapse collapse\"\n\t\t\t\t\t role=\"tabpanel\" aria-labelledby=\"heading_accordion_7dc7515_0\">\n\t\t\t\t\t<div class=\"panel-body\">\n\t\t\t\t\t\t<ol>\n<li>I clienti che hanno accesso ai servizi offerti dal sito possono effettuare i pagamenti relativi all\u2019acquisto del servizio tramite le modalit\u00e0 di pagamento di seguito descritte. Alcune modalit\u00e0 di pagamento potrebbero non essere utilizzabili a causa del prodotto e\/o del tipo di servizio acquistato e\/o della qualifica del soggetto acquirente.<\/li>\n<li>Le modalit\u00e0 di pagamento effettivamente a disposizione del cliente in relazione al singolo prodotto e\/o servizio sono specificamente indicate durante la procedura di acquisto.<\/li>\n<li>Le modalit\u00e0 di pagamento accettate sono: (i) carta di credito. In tal caso contestualmente alla conclusione della transazione online, l\u2019istituto bancario di riferimento provveder\u00e0 ad addebitare al cliente l\u2019importo relativo all\u2019acquisto effettuato. AlterEgo si riserva il diritto di non accettare ordini incompleti o non debitamente compilati. Su AlterEgo ogni acquisto avviene nella massima sicurezza grazie all\u2019utilizzo di server sicuri certificati e all\u2019adozione dei pi\u00f9 avanzati sistemi di codificazione (SSL). AlterEgo usa solo connessioni protette, come dimostrano il prefisso \u201chttps\u201d e il simbolo del lucchetto che compaiono nella barra d\u2019indirizzo del browser. Per proteggere gli acquisti con carta di credito, ad ogni ordine ti verr\u00e0 richiesto di inserire il codice CVV. Come ulteriore misura di sicurezza, l\u2019istituto che ha emesso la tua carta di credito potrebbe richiederti di autorizzare il pagamento inserendo un codice di sicurezza temporaneo o un codice SMS o usando un altro metodo di autenticazione. Il nostro dipartimento pagamenti effettuer\u00e0 controlli antifrode prima di approvare la transazione e, a tua maggior tutela, potrebbe contattarti per avere ulteriori dettagli prima di confermare l\u2019ordine; (ii) PayPal. A seconda dei prodotti e\/o servizi acquistati, PayPal potrebbe essere disponibile o meno come metodo di pagamento. Se PayPal \u00e8 disponibile, avrai la possibilit\u00e0 di selezionarlo nella pagina che precede il completamento dell\u2019acquisto. Se non visualizzi PayPal tra le opzioni, dovrai scegliere un diverso metodo di pagamento; (iii) bonifico bancario. A seconda dei prodotti e\/o servizi che acquisti, il pagamento tramite bonifico bancario potrebbe essere disponibile o meno come metodo di pagamento. Se il pagamento a mezzo bonifico bancario \u00e8 disponibile, avrai la possibilit\u00e0 di selezionarlo nella pagina che precede il completamento dell\u2019acquisto. In caso di pagamento tramite bonifico bancario anticipato l\u2019ordine sar\u00e0 gestito solo dopo aver ricevuto la conferma dell\u2019avvenuto accredito da parte della banca. Il pagamento dovr\u00e0 avvenire entro 7 giorni a partire dalla data dell\u2019ordine. Oltrepassata tale scadenza, l\u2019ordine verr\u00e0 automaticamente annullato. In caso di pagamento con bonifico bancario non dimenticare di inserire il codice del tuo ordine nella causale.<\/li>\n<li>Contanti alla consegna: metodo non disponibile.<\/li>\n<\/ol>\n\t\t\t\t\t<\/div>\n\t\t\t\t<\/div>\n\t\t\t<\/div>\n\n\t\t\n\t\t\t<div class=\"panel panel-default\">\n\t\t\t\t<div class=\"panel-heading\" role=\"tab\"\n\t\t\t\t\t id=\"heading_accordion_7dc7515_1\">\n\t\t\t\t\t<h4 class=\"panel-title\">\n\t\t\t\t\t\t<a role=\"button\" class=\"collapsed\" data-toggle=\"collapse\"\n\t\t\t\t\t\t   data-parent=\"#accordion_7dc7515\"\n\t\t\t\t\t\t   href=\"#collapse_accordion_7dc7515_1\" aria-expanded=\"false\"\n\t\t\t\t\t\t   aria-controls=\"collapse_accordion_7dc7515_1\">\n\t\t\t\t\t\t\tRimborsi\t\t\t\t\t\t<\/a>\n\t\t\t\t\t<\/h4>\n\t\t\t\t<\/div>\n\t\t\t\t<div id=\"collapse_accordion_7dc7515_1\"\n\t\t\t\t\t class=\"panel-collapse collapse\"\n\t\t\t\t\t role=\"tabpanel\" aria-labelledby=\"heading_accordion_7dc7515_1\">\n\t\t\t\t\t<div class=\"panel-body\">\n\t\t\t\t\t\t<ol>\n<li>In caso di mancata esecuzione dell\u2019ordine da parte di AlterEgo per indisponibilit\u00e0 dei prodotti ordinati dal cliente, AlterEgo provveder\u00e0 quanto prima ad informare il cliente, rimborsando le somme eventualmente gi\u00e0 versate a fronte della fornitura non eseguita.<\/li>\n<\/ol>\n\t\t\t\t\t<\/div>\n\t\t\t\t<\/div>\n\t\t\t<\/div>\n\n\t\t\n\t\t\t<div class=\"panel panel-default\">\n\t\t\t\t<div class=\"panel-heading\" role=\"tab\"\n\t\t\t\t\t id=\"heading_accordion_7dc7515_2\">\n\t\t\t\t\t<h4 class=\"panel-title\">\n\t\t\t\t\t\t<a role=\"button\" class=\"collapsed\" data-toggle=\"collapse\"\n\t\t\t\t\t\t   data-parent=\"#accordion_7dc7515\"\n\t\t\t\t\t\t   href=\"#collapse_accordion_7dc7515_2\" aria-expanded=\"false\"\n\t\t\t\t\t\t   aria-controls=\"collapse_accordion_7dc7515_2\">\n\t\t\t\t\t\t\tFatturazione\t\t\t\t\t\t<\/a>\n\t\t\t\t\t<\/h4>\n\t\t\t\t<\/div>\n\t\t\t\t<div id=\"collapse_accordion_7dc7515_2\"\n\t\t\t\t\t class=\"panel-collapse collapse\"\n\t\t\t\t\t role=\"tabpanel\" aria-labelledby=\"heading_accordion_7dc7515_2\">\n\t\t\t\t\t<div class=\"panel-body\">\n\t\t\t\t\t\t<ol>\n<li>I prezzi specificati sul sito sono comprensivi di IVA.<\/li>\n<li>Qualora il cliente fosse titolare di Partita IVA e desiderasse ricevere fattura in formato digitale e non modificabile (PDF) a proprio nome, dovr\u00e0 indicare tale richiesta nell\u2019ordine compilando gli appositi campi. In difetto, AlterEgo non emetter\u00e0 fattura.<\/li>\n<\/ol>\n\t\t\t\t\t<\/div>\n\t\t\t\t<\/div>\n\t\t\t<\/div>\n\n\t\t\n\t\t\t<div class=\"panel panel-default\">\n\t\t\t\t<div class=\"panel-heading\" role=\"tab\"\n\t\t\t\t\t id=\"heading_accordion_7dc7515_3\">\n\t\t\t\t\t<h4 class=\"panel-title\">\n\t\t\t\t\t\t<a role=\"button\" class=\"collapsed\" data-toggle=\"collapse\"\n\t\t\t\t\t\t   data-parent=\"#accordion_7dc7515\"\n\t\t\t\t\t\t   href=\"#collapse_accordion_7dc7515_3\" aria-expanded=\"false\"\n\t\t\t\t\t\t   aria-controls=\"collapse_accordion_7dc7515_3\">\n\t\t\t\t\t\t\tUltimo aggiornamento\t\t\t\t\t\t<\/a>\n\t\t\t\t\t<\/h4>\n\t\t\t\t<\/div>\n\t\t\t\t<div id=\"collapse_accordion_7dc7515_3\"\n\t\t\t\t\t class=\"panel-collapse collapse\"\n\t\t\t\t\t role=\"tabpanel\" aria-labelledby=\"heading_accordion_7dc7515_3\">\n\t\t\t\t\t<div class=\"panel-body\">\n\t\t\t\t\t\t<ol>\n<li>Gennaio 2024.<\/li>\n<\/ol>\n\t\t\t\t\t<\/div>\n\t\t\t\t<\/div>\n\t\t\t<\/div>\n\n\t\t<\/div><\/div>\t\t\t\t<\/div>\n\t\t\t\t<\/div>\n\t\t\t\t\t<\/div>\n\t\t<\/div>\n\t\t\t\t\t<\/div>\n\t\t<\/section>\n\t\t\t\t\t<\/div>\n\t\t<\/div>\n\t\t\t\t\t<\/div>\n\t\t<\/section>\n\t\t\t\t<\/div>\n\t\t","protected":false},"excerpt":{"rendered":"<p>Decidi come pagare i tuoi acquisti. Di seguito sono descritte le modalit\u00e0 di pagamento accettate sul sito myalterego.it in riferimento agli acquisti. Forniamo questa informativa non solo per adempiere agli obblighi di legge ma anche perch\u00e9 crediamo che la tutela &hellip; <\/p>\n","protected":false},"author":2,"featured_media":0,"parent":0,"menu_order":0,"comment_status":"closed","ping_status":"closed","template":"","meta":{"pmpro_default_level":"","footnotes":""},"class_list":["post-19584","page","type-page","status-publish","hentry","pmpro-has-access"],"_links":{"self":[{"href":"https:\/\/myalterego.it\/ae\/wp-json\/wp\/v2\/pages\/19584","targetHints":{"allow":["GET"]}}],"collection":[{"href":"https:\/\/myalterego.it\/ae\/wp-json\/wp\/v2\/pages"}],"about":[{"href":"https:\/\/myalterego.it\/ae\/wp-json\/wp\/v2\/types\/page"}],"author":[{"embeddable":true,"href":"https:\/\/myalterego.it\/ae\/wp-json\/wp\/v2\/users\/2"}],"replies":[{"embeddable":true,"href":"https:\/\/myalterego.it\/ae\/wp-json\/wp\/v2\/comments?post=19584"}],"version-history":[{"count":13,"href":"https:\/\/myalterego.it\/ae\/wp-json\/wp\/v2\/pages\/19584\/revisions"}],"predecessor-version":[{"id":21445,"href":"https:\/\/myalterego.it\/ae\/wp-json\/wp\/v2\/pages\/19584\/revisions\/21445"}],"wp:attachment":[{"href":"https:\/\/myalterego.it\/ae\/wp-json\/wp\/v2\/media?parent=19584"}],"curies":[{"name":"wp","href":"https:\/\/api.w.org\/{rel}","templated":true}]}}