{"id":20238,"date":"2023-08-21T14:27:01","date_gmt":"2023-08-21T14:27:01","guid":{"rendered":"https:\/\/myalterego.it\/ae\/?page_id=20238"},"modified":"2024-01-20T14:52:59","modified_gmt":"2024-01-20T13:52:59","slug":"acquisti","status":"publish","type":"page","link":"https:\/\/myalterego.it\/ae\/acquisti\/","title":{"rendered":"Acquisti"},"content":{"rendered":"\t\t<div data-elementor-type=\"wp-page\" data-elementor-id=\"20238\" class=\"elementor elementor-20238\">\n\t\t\t\t\t\t<section class=\"elementor-section elementor-top-section elementor-element elementor-element-f6dd1f4 elementor-section-boxed elementor-section-height-default elementor-section-height-default\" data-id=\"f6dd1f4\" data-element_type=\"section\">\n\t\t\t\t\t\t<div class=\"elementor-container elementor-column-gap-default\">\n\t\t\t\t\t<div class=\"elementor-column elementor-col-100 elementor-top-column elementor-element elementor-element-ebfe52d\" data-id=\"ebfe52d\" data-element_type=\"column\">\n\t\t\t<div class=\"elementor-widget-wrap elementor-element-populated\">\n\t\t\t\t\t\t<section class=\"elementor-section elementor-inner-section elementor-element elementor-element-9e8bef7 elementor-section-boxed elementor-section-height-default elementor-section-height-default\" data-id=\"9e8bef7\" data-element_type=\"section\">\n\t\t\t\t\t\t<div class=\"elementor-container elementor-column-gap-default\">\n\t\t\t\t\t<div class=\"elementor-column elementor-col-50 elementor-inner-column elementor-element elementor-element-b015656\" data-id=\"b015656\" data-element_type=\"column\">\n\t\t\t<div class=\"elementor-widget-wrap elementor-element-populated\">\n\t\t\t\t\t\t<div class=\"elementor-element elementor-element-fb9bced elementor-widget elementor-widget-text-editor\" data-id=\"fb9bced\" data-element_type=\"widget\" data-widget_type=\"text-editor.default\">\n\t\t\t\t<div class=\"elementor-widget-container\">\n\t\t\t\t\t\t\t\t\t<p><span style=\"color: #ffb606;\"><strong>Scegli la modalit\u00e0 di acquisto che preferisci.<\/strong><\/span><\/p><p>Acquistare libri scolastici nuovi pu\u00f2 risultare molto costoso, oltre che faticoso e rischia di far perdere tante ore tra ricerca e file nelle cartolerie.<\/p><p>C&#8217;\u00e8, per\u00f2, un modo per <strong>risparmiare tempo e denaro<\/strong> per l&#8217;acquisto di libri di testo: \u00e8 possibile, infatti, comprarli online sul sito della casa editrice assicurandosi cos\u00ec il miglior prezzo di vendita e vederseli recapitare all&#8217;indirizzo scelto in tutta comodit\u00e0.<\/p>\t\t\t\t\t\t\t\t<\/div>\n\t\t\t\t<\/div>\n\t\t\t\t\t<\/div>\n\t\t<\/div>\n\t\t\t\t<div class=\"elementor-column elementor-col-50 elementor-inner-column elementor-element elementor-element-e7ee679\" data-id=\"e7ee679\" data-element_type=\"column\">\n\t\t\t<div class=\"elementor-widget-wrap elementor-element-populated\">\n\t\t\t\t\t\t<div class=\"elementor-element elementor-element-7dc7515 elementor-widget elementor-widget-thim-accordion\" data-id=\"7dc7515\" data-element_type=\"widget\" data-widget_type=\"thim-accordion.default\">\n\t\t\t\t<div class=\"elementor-widget-container\">\n\t\t\t\t\t<div class=\"thim-widget-accordion accordion-new-style\"><div id=\"accordion_7dc7515\" class=\"panel-group\" role=\"tablist\" aria-multiselectable=\"true\">\n\t\t\t<div class=\"panel panel-default\">\n\t\t\t\t<div class=\"panel-heading\" role=\"tab\"\n\t\t\t\t\t id=\"heading_accordion_7dc7515_0\">\n\t\t\t\t\t<h4 class=\"panel-title\">\n\t\t\t\t\t\t<a role=\"button\" class=\"collapsed\" data-toggle=\"collapse\"\n\t\t\t\t\t\t   data-parent=\"#accordion_7dc7515\"\n\t\t\t\t\t\t   href=\"#collapse_accordion_7dc7515_0\" aria-expanded=\"false\"\n\t\t\t\t\t\t   aria-controls=\"collapse_accordion_7dc7515_0\">\n\t\t\t\t\t\t\tAcquisti online\t\t\t\t\t\t<\/a>\n\t\t\t\t\t<\/h4>\n\t\t\t\t<\/div>\n\t\t\t\t<div id=\"collapse_accordion_7dc7515_0\"\n\t\t\t\t\t class=\"panel-collapse collapse\"\n\t\t\t\t\t role=\"tabpanel\" aria-labelledby=\"heading_accordion_7dc7515_0\">\n\t\t\t\t\t<div class=\"panel-body\">\n\t\t\t\t\t\t<p>Acquistare libri sul sito web myalterego.it \u00e8 davvero facile e veloce.<br \/>\nQui di seguito riepiloghiamo brevemente i principali passaggi che devi seguire per fare un ordine online sul sito www.myalterego.it: <\/p>\n<ol>\n<li>Nella pagina <b>Shop<\/b> del sito AlterEgo seleziona il prodotto che desideri acquistare.<\/li>\n<li>Per aggiungere i prodotti che desideri acquistare al tuo carrello non devi fare altro che cliccare sul bottone <b>Aggiungi al carrello<\/b> che si trova in ogni scheda prodotto. Per visualizzare i prodotti aggiunti al carrello puoi in qualunque momento cliccare sull'icona del carrello che viene visualizzata solo quando contiene prodotti.<\/li>\n<li>Una volta completati gli acquisti, cliccando sul carrello e poi sulla voce <b>Visualizza il carrello<\/b>, visualizzerai una nuova pagina con il riepilogo dei prodotti ordinati e l'importo totale dell'ordine. Controlla che tutto sia corretto, eventualmente modifica le quantit\u00e0 dei singoli prodotti, poi clicca sul bottone <b>Procedi con l'ordine<\/b>.<\/li>\n<li>Compila accuratamente il modulo ricordandoti che i campi asteriscati sono obbligatori, quindi accetta i termini e le condizioni del sito web e clicca sul bottone <b>Effettua ordine<\/b>.<\/li>\n<li>Procedi al <b>pagamento<\/b> con uno dei metodi proposti. Per maggiori delucidazioni sulle modalit\u00e0 di pagamento ti invitiamo a leggere l'apposita sezione del sito web.<\/li>\n<li>Una volta concluso l'ordine, nella pagina finale puoi visualizzare il riepilogo dell'ordine e, soprattutto, il numero dell'ordine che servir\u00e0 per comunicare con il nostro servizio clienti.<\/li>\n<\/ol>\n<p>IMPORTANTE: se tra le modalit\u00e0 di pagamento \u00e8 presente l'opzione del bonifico bancario e hai deciso di optare per questa modalit\u00e0, ricorda di eseguire il bonifico utilizzando le coordinate bancarie che ti sono state indicate nel riepilogo e di indicare nella causale il numero dell'ordine. La tua richiesta verr\u00e0 evasa solo dopo che il nostro customer care avr\u00e0 visualizzato il bonifico (generalmente 24 ore dopo la sua effettuazione).<\/p>\n\t\t\t\t\t<\/div>\n\t\t\t\t<\/div>\n\t\t\t<\/div>\n\n\t\t\n\t\t\t<div class=\"panel panel-default\">\n\t\t\t\t<div class=\"panel-heading\" role=\"tab\"\n\t\t\t\t\t id=\"heading_accordion_7dc7515_1\">\n\t\t\t\t\t<h4 class=\"panel-title\">\n\t\t\t\t\t\t<a role=\"button\" class=\"collapsed\" data-toggle=\"collapse\"\n\t\t\t\t\t\t   data-parent=\"#accordion_7dc7515\"\n\t\t\t\t\t\t   href=\"#collapse_accordion_7dc7515_1\" aria-expanded=\"false\"\n\t\t\t\t\t\t   aria-controls=\"collapse_accordion_7dc7515_1\">\n\t\t\t\t\t\t\tAcquisti presso punti vendita\t\t\t\t\t\t<\/a>\n\t\t\t\t\t<\/h4>\n\t\t\t\t<\/div>\n\t\t\t\t<div id=\"collapse_accordion_7dc7515_1\"\n\t\t\t\t\t class=\"panel-collapse collapse\"\n\t\t\t\t\t role=\"tabpanel\" aria-labelledby=\"heading_accordion_7dc7515_1\">\n\t\t\t\t\t<div class=\"panel-body\">\n\t\t\t\t\t\t<p>Qualora decidessi di acquistare un libro AlterEgo presso un punto di vendita fisico (libreria, cartoleria, grande distribuzione), dovrai recarti personalmente presso di esso e procedere secondo le modalit\u00e0 dell'esercente.<\/p>\n\t\t\t\t\t<\/div>\n\t\t\t\t<\/div>\n\t\t\t<\/div>\n\n\t\t\n\t\t\t<div class=\"panel panel-default\">\n\t\t\t\t<div class=\"panel-heading\" role=\"tab\"\n\t\t\t\t\t id=\"heading_accordion_7dc7515_2\">\n\t\t\t\t\t<h4 class=\"panel-title\">\n\t\t\t\t\t\t<a role=\"button\" class=\"collapsed\" data-toggle=\"collapse\"\n\t\t\t\t\t\t   data-parent=\"#accordion_7dc7515\"\n\t\t\t\t\t\t   href=\"#collapse_accordion_7dc7515_2\" aria-expanded=\"false\"\n\t\t\t\t\t\t   aria-controls=\"collapse_accordion_7dc7515_2\">\n\t\t\t\t\t\t\tUltimo aggiornamento\t\t\t\t\t\t<\/a>\n\t\t\t\t\t<\/h4>\n\t\t\t\t<\/div>\n\t\t\t\t<div id=\"collapse_accordion_7dc7515_2\"\n\t\t\t\t\t class=\"panel-collapse collapse\"\n\t\t\t\t\t role=\"tabpanel\" aria-labelledby=\"heading_accordion_7dc7515_2\">\n\t\t\t\t\t<div class=\"panel-body\">\n\t\t\t\t\t\t<ol>\n<li>Gennaio 2024.<\/li>\n<\/ol>\n\t\t\t\t\t<\/div>\n\t\t\t\t<\/div>\n\t\t\t<\/div>\n\n\t\t<\/div><\/div>\t\t\t\t<\/div>\n\t\t\t\t<\/div>\n\t\t\t\t\t<\/div>\n\t\t<\/div>\n\t\t\t\t\t<\/div>\n\t\t<\/section>\n\t\t\t\t\t<\/div>\n\t\t<\/div>\n\t\t\t\t\t<\/div>\n\t\t<\/section>\n\t\t\t\t<\/div>\n\t\t","protected":false},"excerpt":{"rendered":"<p>Scegli la modalit\u00e0 di acquisto che preferisci. Acquistare libri scolastici nuovi pu\u00f2 risultare molto costoso, oltre che faticoso e rischia di far perdere tante ore tra ricerca e file nelle cartolerie. C&#8217;\u00e8, per\u00f2, un modo per risparmiare tempo e denaro &hellip; <\/p>\n","protected":false},"author":2,"featured_media":0,"parent":0,"menu_order":0,"comment_status":"closed","ping_status":"closed","template":"","meta":{"pmpro_default_level":"","footnotes":""},"class_list":["post-20238","page","type-page","status-publish","hentry","pmpro-has-access"],"_links":{"self":[{"href":"https:\/\/myalterego.it\/ae\/wp-json\/wp\/v2\/pages\/20238","targetHints":{"allow":["GET"]}}],"collection":[{"href":"https:\/\/myalterego.it\/ae\/wp-json\/wp\/v2\/pages"}],"about":[{"href":"https:\/\/myalterego.it\/ae\/wp-json\/wp\/v2\/types\/page"}],"author":[{"embeddable":true,"href":"https:\/\/myalterego.it\/ae\/wp-json\/wp\/v2\/users\/2"}],"replies":[{"embeddable":true,"href":"https:\/\/myalterego.it\/ae\/wp-json\/wp\/v2\/comments?post=20238"}],"version-history":[{"count":85,"href":"https:\/\/myalterego.it\/ae\/wp-json\/wp\/v2\/pages\/20238\/revisions"}],"predecessor-version":[{"id":21442,"href":"https:\/\/myalterego.it\/ae\/wp-json\/wp\/v2\/pages\/20238\/revisions\/21442"}],"wp:attachment":[{"href":"https:\/\/myalterego.it\/ae\/wp-json\/wp\/v2\/media?parent=20238"}],"curies":[{"name":"wp","href":"https:\/\/api.w.org\/{rel}","templated":true}]}}