{"id":19762,"date":"2023-08-19T07:35:23","date_gmt":"2023-08-19T07:35:23","guid":{"rendered":"https:\/\/myalterego.it\/ae\/?post_type=product&#038;p=19762"},"modified":"2025-09-18T19:14:56","modified_gmt":"2025-09-18T18:14:56","slug":"sicuramente","status":"publish","type":"product","link":"https:\/\/myalterego.it\/ae\/prodotto\/sicuramente\/","title":{"rendered":"Sicuramente"},"content":{"rendered":"<p>Un\u2019opera che affianca gli insegnamenti di Gestione del cantiere e sicurezza dell&#8217;ambiente di lavoro e gli studenti delle scuole CAT, con una particolare attenzione alle tematiche e agli aspetti di tutela del lavoro e alla salvaguardia del territorio.<\/p>\n<p>Per effettuare tutti gli\u00a0<strong>adempimenti per salvaguardare la salute e la sicurezza dei lavoratori<\/strong>\u00a0\u00e8 necessario conoscere le esigenze delle imprese e procedere a una corretta pianificazione delle attivit\u00e0 di sicurezza legate alle risorse umane.<\/p>\n<p>Sicura<i>mente<\/i> \u00e8 un testo aggiornato e completo, ma anche fortemente <b>orientato alla pratica<\/b>: tutte le lezioni sono accompagnate da\u00a0<strong>esempi di documenti<\/strong>\u00a0che servono nell&#8217;ambiente di lavoro e in particolare in cantiere, con rimando alla modulistica da compilare; per ogni area tematica, inoltre, viene discusso un <strong>tema di attualit\u00e0<\/strong>\u00a0nel settore della cantieristica.<br \/>\nI numerosi\u00a0<strong>compiti di realt\u00e0<\/strong>\u00a0stimolano l&#8217;iniziativa, la capacit\u00e0 di pensiero critico, la creativit\u00e0, la collaborazione e la capacit\u00e0 di comunicazione, per esercitare in modo costante le\u00a0<strong>competenze disciplinari e trasversali<\/strong>.<br \/>\nAlcuni contenuti sono proposti in ottica <strong>CLIL<\/strong> anche in lingua inglese, con materiale video e audio, per seguire pi\u00f9 facilmente il testo e acquisire la pronuncia corretta.<\/p>\n<p>La\u00a0<strong>sezione del volume dedicata alla sicurezza sul lavoro<\/strong> non poteva non focalizzarsi sui cantieri. In particolare, l\u2019opera si concentra sulla norma e sulle responsabilit\u00e0 di ciascun soggetto, nonch\u00e9 sulla corretta interpretazione dei ruoli delle figure professionali che intervengono nel processo produttivo.<\/p>\n<h4><strong>Perch\u00e9 scegliere quest&#8217;opera<\/strong><\/h4>\n<p>Al termine di alcuni moduli sono proposte <strong>attivit\u00e0 laboratoriali<\/strong> che mirano a stimolare l&#8217;apprendimento di un\u2019attivit\u00e0 facendola svolgere in pratica (learning by doing), da un <strong>approfondimento in lingua inglese<\/strong> e da una sezione di <strong>autovalutazione<\/strong> organizzata per difficolt\u00e0 crescenti contenente quesiti VERO o FALSO e domande a risposta multipla per preparare gli studenti a superare i moduli A, B e SP-1 necessari per conseguire l&#8217;attestato di ASPP. Nella corrispondente parte del sito web myalterego.it sono presenti ulteriori esempi ed esercitazioni strutturati per favorire il recupero, il riallineamento e l\u2019approfondimento dei contenuti trattati.<\/p>\n","protected":false},"excerpt":{"rendered":"<ul class=\"thim-list-content\">\n<li>Autori: Marco Bignardi \u2013 Mauro Bignardi<\/li>\n<li>Titolo: Sicura<em>mente<\/em><\/li>\n<li>ISBN: 9791281742000<\/li>\n<li>Formato: 19,5\u00d728,5 cm<\/li>\n<li>Pagine: 592 a colori<\/li>\n<li>Copertina: plastificata<\/li>\n<li>Rilegatura: brossura cucita a filo refe<\/li>\n<\/ul>\n","protected":false},"featured_media":23141,"template":"","meta":{"pmpro_default_level":""},"product_brand":[],"product_cat":[61,64,62],"product_tag":[],"class_list":{"0":"post-19762","1":"product","2":"type-product","3":"status-publish","4":"has-post-thumbnail","6":"product_cat-secondaria_ii_grado","7":"product_cat-sicurezza","8":"product_cat-tecnologico","9":"pmpro-has-access","11":"first","12":"outofstock","13":"shipping-taxable","14":"purchasable","15":"product-type-simple"},"_links":{"self":[{"href":"https:\/\/myalterego.it\/ae\/wp-json\/wp\/v2\/product\/19762","targetHints":{"allow":["GET"]}}],"collection":[{"href":"https:\/\/myalterego.it\/ae\/wp-json\/wp\/v2\/product"}],"about":[{"href":"https:\/\/myalterego.it\/ae\/wp-json\/wp\/v2\/types\/product"}],"wp:featuredmedia":[{"embeddable":true,"href":"https:\/\/myalterego.it\/ae\/wp-json\/wp\/v2\/media\/23141"}],"wp:attachment":[{"href":"https:\/\/myalterego.it\/ae\/wp-json\/wp\/v2\/media?parent=19762"}],"wp:term":[{"taxonomy":"product_brand","embeddable":true,"href":"https:\/\/myalterego.it\/ae\/wp-json\/wp\/v2\/product_brand?post=19762"},{"taxonomy":"product_cat","embeddable":true,"href":"https:\/\/myalterego.it\/ae\/wp-json\/wp\/v2\/product_cat?post=19762"},{"taxonomy":"product_tag","embeddable":true,"href":"https:\/\/myalterego.it\/ae\/wp-json\/wp\/v2\/product_tag?post=19762"}],"curies":[{"name":"wp","href":"https:\/\/api.w.org\/{rel}","templated":true}]}}